{"id":626,"date":"2022-07-27T14:53:12","date_gmt":"2022-07-27T12:53:12","guid":{"rendered":"https:\/\/segurosparavisados.com\/?post_type=product&#038;p=626"},"modified":"2023-03-22T14:05:02","modified_gmt":"2023-03-22T13:05:02","slug":"pagos-online","status":"publish","type":"product","link":"https:\/\/segurosparavisados.com\/correduria\/seguros\/pagos-online\/","title":{"rendered":"Pagos Online"},"content":{"rendered":"<p><strong>Otros Seguros \/ Pagos Online<\/strong><br \/>\nPaga de forma r\u00e1pida, f\u00e1cil y segura, con nuestra <strong>TPV de Pagos Online<\/strong>.<\/p>\n","protected":false},"excerpt":{"rendered":"<p><img decoding=\"async\" class=\"wp-image-465 alignright\" src=\"https:\/\/segurosparavisados.com\/correduria\/wp-content\/uploads\/2022\/07\/ASISA.png\" alt=\"\" width=\"110\" height=\"23\" \/>Paga de forma r\u00e1pida, f\u00e1cil y segura, con nuestra <strong>TPV de Pagos Online<\/strong>.<\/p>\n<p>Atenci\u00f3n: \u00a1No apto para la <a href=\"https:\/\/segurosparavisados.com\/seguros-online\/\" target=\"_blank\" rel=\"noopener\">obtenci\u00f3n de p\u00f3lizas<\/a>!<\/p>\n","protected":false},"featured_media":372,"template":"","meta":{"_themeisle_gutenberg_block_has_review":false},"product_brand":[],"product_cat":[14],"product_tag":[38,74],"class_list":{"0":"post-626","1":"product","2":"type-product","3":"status-publish","4":"has-post-thumbnail","6":"product_cat-otros","7":"product_tag-pagar-online","8":"product_tag-pagar-otros-seguros","10":"first","11":"instock","12":"virtual","13":"sold-individually","14":"purchasable","15":"product-type-simple"},"yoast_head":"<!-- This site is optimized with the Yoast SEO plugin v27.3 - https:\/\/yoast.com\/product\/yoast-seo-wordpress\/ -->\n<title>Pagos Online &#187; Corredur\u00eda De Seguros Para Visados<\/title>\n<meta name=\"description\" content=\"\u00bfTienes facturas pendientes para pagar? Paga de forma r\u00e1pida, f\u00e1cil y segura, con nuestra TPV de Pagos Online. Seguros Para Visados\" \/>\n<meta name=\"robots\" content=\"index, follow, max-snippet:-1, max-image-preview:large, max-video-preview:-1\" \/>\n<link rel=\"canonical\" href=\"https:\/\/segurosparavisados.com\/correduria\/seguros\/pagos-online\/\" \/>\n<meta property=\"og:locale\" content=\"es_ES\" \/>\n<meta property=\"og:type\" content=\"article\" \/>\n<meta property=\"og:title\" content=\"Pagos Online &#187; Corredur\u00eda De Seguros Para Visados\" \/>\n<meta property=\"og:description\" content=\"\u00bfTienes facturas pendientes para pagar? Paga de forma r\u00e1pida, f\u00e1cil y segura, con nuestra TPV de Pagos Online. Seguros Para Visados\" \/>\n<meta property=\"og:url\" content=\"https:\/\/segurosparavisados.com\/correduria\/seguros\/pagos-online\/\" \/>\n<meta property=\"og:site_name\" content=\"Corredur\u00eda De Seguros Para Visados\" \/>\n<meta property=\"article:modified_time\" content=\"2023-03-22T13:05:02+00:00\" \/>\n<meta property=\"og:image\" content=\"https:\/\/segurosparavisados.com\/correduria\/wp-content\/uploads\/2022\/07\/Seguros-Para-Visados-ASISA.jpg\" \/>\n\t<meta property=\"og:image:width\" content=\"810\" \/>\n\t<meta property=\"og:image:height\" content=\"620\" \/>\n\t<meta property=\"og:image:type\" content=\"image\/jpeg\" \/>\n<meta name=\"twitter:card\" content=\"summary_large_image\" \/>\n<meta name=\"twitter:label1\" content=\"Tiempo de lectura\" \/>\n\t<meta name=\"twitter:data1\" content=\"1 minuto\" \/>\n<script type=\"application\/ld+json\" class=\"yoast-schema-graph\">{\"@context\":\"https:\\\/\\\/schema.org\",\"@graph\":[{\"@type\":\"WebPage\",\"@id\":\"https:\\\/\\\/segurosparavisados.com\\\/correduria\\\/seguros\\\/pagos-online\\\/\",\"url\":\"https:\\\/\\\/segurosparavisados.com\\\/correduria\\\/seguros\\\/pagos-online\\\/\",\"name\":\"Pagos Online &#187; Corredur\u00eda De Seguros Para Visados\",\"isPartOf\":{\"@id\":\"\\\/#website\"},\"primaryImageOfPage\":{\"@id\":\"https:\\\/\\\/segurosparavisados.com\\\/correduria\\\/seguros\\\/pagos-online\\\/#primaryimage\"},\"image\":{\"@id\":\"https:\\\/\\\/segurosparavisados.com\\\/correduria\\\/seguros\\\/pagos-online\\\/#primaryimage\"},\"thumbnailUrl\":\"https:\\\/\\\/segurosparavisados.com\\\/correduria\\\/wp-content\\\/uploads\\\/2022\\\/07\\\/Seguros-Para-Visados-ASISA.jpg\",\"datePublished\":\"2022-07-27T12:53:12+00:00\",\"dateModified\":\"2023-03-22T13:05:02+00:00\",\"description\":\"\u00bfTienes facturas pendientes para pagar? Paga de forma r\u00e1pida, f\u00e1cil y segura, con nuestra TPV de Pagos Online. Seguros Para Visados\",\"breadcrumb\":{\"@id\":\"https:\\\/\\\/segurosparavisados.com\\\/correduria\\\/seguros\\\/pagos-online\\\/#breadcrumb\"},\"inLanguage\":\"es\",\"potentialAction\":[{\"@type\":\"ReadAction\",\"target\":[\"https:\\\/\\\/segurosparavisados.com\\\/correduria\\\/seguros\\\/pagos-online\\\/\"]}]},{\"@type\":\"ImageObject\",\"inLanguage\":\"es\",\"@id\":\"https:\\\/\\\/segurosparavisados.com\\\/correduria\\\/seguros\\\/pagos-online\\\/#primaryimage\",\"url\":\"https:\\\/\\\/segurosparavisados.com\\\/correduria\\\/wp-content\\\/uploads\\\/2022\\\/07\\\/Seguros-Para-Visados-ASISA.jpg\",\"contentUrl\":\"https:\\\/\\\/segurosparavisados.com\\\/correduria\\\/wp-content\\\/uploads\\\/2022\\\/07\\\/Seguros-Para-Visados-ASISA.jpg\",\"width\":810,\"height\":620},{\"@type\":\"BreadcrumbList\",\"@id\":\"https:\\\/\\\/segurosparavisados.com\\\/correduria\\\/seguros\\\/pagos-online\\\/#breadcrumb\",\"itemListElement\":[{\"@type\":\"ListItem\",\"position\":1,\"name\":\"Portada\",\"item\":\"https:\\\/\\\/segurosparavisados.com\\\/correduria\\\/\"},{\"@type\":\"ListItem\",\"position\":2,\"name\":\"Pagos Online\"}]},{\"@type\":\"WebSite\",\"@id\":\"\\\/#website\",\"url\":\"\\\/\",\"name\":\"Corredur\u00eda De Seguros Para Visados\",\"description\":\"Corredur\u00eda De Seguros Para Visados En Espa\u00f1a\",\"publisher\":{\"@id\":\"\\\/#organization\"},\"potentialAction\":[{\"@type\":\"SearchAction\",\"target\":{\"@type\":\"EntryPoint\",\"urlTemplate\":\"\\\/?s={search_term_string}\"},\"query-input\":{\"@type\":\"PropertyValueSpecification\",\"valueRequired\":true,\"valueName\":\"search_term_string\"}}],\"inLanguage\":\"es\"},{\"@type\":\"Organization\",\"@id\":\"\\\/#organization\",\"name\":\"CODESEG MADRILE\u00d1OS\",\"url\":\"\\\/\",\"logo\":{\"@type\":\"ImageObject\",\"inLanguage\":\"es\",\"@id\":\"\\\/#\\\/schema\\\/logo\\\/image\\\/\",\"url\":\"https:\\\/\\\/segurosparavisados.com\\\/correduria\\\/wp-content\\\/uploads\\\/2022\\\/07\\\/Seguros-Para-Visados-Icono-Web-1.png\",\"contentUrl\":\"https:\\\/\\\/segurosparavisados.com\\\/correduria\\\/wp-content\\\/uploads\\\/2022\\\/07\\\/Seguros-Para-Visados-Icono-Web-1.png\",\"width\":100,\"height\":100,\"caption\":\"CODESEG MADRILE\u00d1OS\"},\"image\":{\"@id\":\"\\\/#\\\/schema\\\/logo\\\/image\\\/\"}}]}<\/script>\n<!-- \/ Yoast SEO plugin. -->","yoast_head_json":{"title":"Pagos Online &#187; Corredur\u00eda De Seguros Para Visados","description":"\u00bfTienes facturas pendientes para pagar? Paga de forma r\u00e1pida, f\u00e1cil y segura, con nuestra TPV de Pagos Online. Seguros Para Visados","robots":{"index":"index","follow":"follow","max-snippet":"max-snippet:-1","max-image-preview":"max-image-preview:large","max-video-preview":"max-video-preview:-1"},"canonical":"https:\/\/segurosparavisados.com\/correduria\/seguros\/pagos-online\/","og_locale":"es_ES","og_type":"article","og_title":"Pagos Online &#187; Corredur\u00eda De Seguros Para Visados","og_description":"\u00bfTienes facturas pendientes para pagar? Paga de forma r\u00e1pida, f\u00e1cil y segura, con nuestra TPV de Pagos Online. Seguros Para Visados","og_url":"https:\/\/segurosparavisados.com\/correduria\/seguros\/pagos-online\/","og_site_name":"Corredur\u00eda De Seguros Para Visados","article_modified_time":"2023-03-22T13:05:02+00:00","og_image":[{"width":810,"height":620,"url":"https:\/\/segurosparavisados.com\/correduria\/wp-content\/uploads\/2022\/07\/Seguros-Para-Visados-ASISA.jpg","type":"image\/jpeg"}],"twitter_card":"summary_large_image","twitter_misc":{"Tiempo de lectura":"1 minuto"},"schema":{"@context":"https:\/\/schema.org","@graph":[{"@type":"WebPage","@id":"https:\/\/segurosparavisados.com\/correduria\/seguros\/pagos-online\/","url":"https:\/\/segurosparavisados.com\/correduria\/seguros\/pagos-online\/","name":"Pagos Online &#187; Corredur\u00eda De Seguros Para Visados","isPartOf":{"@id":"\/#website"},"primaryImageOfPage":{"@id":"https:\/\/segurosparavisados.com\/correduria\/seguros\/pagos-online\/#primaryimage"},"image":{"@id":"https:\/\/segurosparavisados.com\/correduria\/seguros\/pagos-online\/#primaryimage"},"thumbnailUrl":"https:\/\/segurosparavisados.com\/correduria\/wp-content\/uploads\/2022\/07\/Seguros-Para-Visados-ASISA.jpg","datePublished":"2022-07-27T12:53:12+00:00","dateModified":"2023-03-22T13:05:02+00:00","description":"\u00bfTienes facturas pendientes para pagar? Paga de forma r\u00e1pida, f\u00e1cil y segura, con nuestra TPV de Pagos Online. Seguros Para Visados","breadcrumb":{"@id":"https:\/\/segurosparavisados.com\/correduria\/seguros\/pagos-online\/#breadcrumb"},"inLanguage":"es","potentialAction":[{"@type":"ReadAction","target":["https:\/\/segurosparavisados.com\/correduria\/seguros\/pagos-online\/"]}]},{"@type":"ImageObject","inLanguage":"es","@id":"https:\/\/segurosparavisados.com\/correduria\/seguros\/pagos-online\/#primaryimage","url":"https:\/\/segurosparavisados.com\/correduria\/wp-content\/uploads\/2022\/07\/Seguros-Para-Visados-ASISA.jpg","contentUrl":"https:\/\/segurosparavisados.com\/correduria\/wp-content\/uploads\/2022\/07\/Seguros-Para-Visados-ASISA.jpg","width":810,"height":620},{"@type":"BreadcrumbList","@id":"https:\/\/segurosparavisados.com\/correduria\/seguros\/pagos-online\/#breadcrumb","itemListElement":[{"@type":"ListItem","position":1,"name":"Portada","item":"https:\/\/segurosparavisados.com\/correduria\/"},{"@type":"ListItem","position":2,"name":"Pagos Online"}]},{"@type":"WebSite","@id":"\/#website","url":"\/","name":"Corredur\u00eda De Seguros Para Visados","description":"Corredur\u00eda De Seguros Para Visados En Espa\u00f1a","publisher":{"@id":"\/#organization"},"potentialAction":[{"@type":"SearchAction","target":{"@type":"EntryPoint","urlTemplate":"\/?s={search_term_string}"},"query-input":{"@type":"PropertyValueSpecification","valueRequired":true,"valueName":"search_term_string"}}],"inLanguage":"es"},{"@type":"Organization","@id":"\/#organization","name":"CODESEG MADRILE\u00d1OS","url":"\/","logo":{"@type":"ImageObject","inLanguage":"es","@id":"\/#\/schema\/logo\/image\/","url":"https:\/\/segurosparavisados.com\/correduria\/wp-content\/uploads\/2022\/07\/Seguros-Para-Visados-Icono-Web-1.png","contentUrl":"https:\/\/segurosparavisados.com\/correduria\/wp-content\/uploads\/2022\/07\/Seguros-Para-Visados-Icono-Web-1.png","width":100,"height":100,"caption":"CODESEG MADRILE\u00d1OS"},"image":{"@id":"\/#\/schema\/logo\/image\/"}}]}},"_links":{"self":[{"href":"https:\/\/segurosparavisados.com\/correduria\/wp-json\/wp\/v2\/product\/626","targetHints":{"allow":["GET"]}}],"collection":[{"href":"https:\/\/segurosparavisados.com\/correduria\/wp-json\/wp\/v2\/product"}],"about":[{"href":"https:\/\/segurosparavisados.com\/correduria\/wp-json\/wp\/v2\/types\/product"}],"wp:featuredmedia":[{"embeddable":true,"href":"https:\/\/segurosparavisados.com\/correduria\/wp-json\/wp\/v2\/media\/372"}],"wp:attachment":[{"href":"https:\/\/segurosparavisados.com\/correduria\/wp-json\/wp\/v2\/media?parent=626"}],"wp:term":[{"taxonomy":"product_brand","embeddable":true,"href":"https:\/\/segurosparavisados.com\/correduria\/wp-json\/wp\/v2\/product_brand?post=626"},{"taxonomy":"product_cat","embeddable":true,"href":"https:\/\/segurosparavisados.com\/correduria\/wp-json\/wp\/v2\/product_cat?post=626"},{"taxonomy":"product_tag","embeddable":true,"href":"https:\/\/segurosparavisados.com\/correduria\/wp-json\/wp\/v2\/product_tag?post=626"}],"curies":[{"name":"wp","href":"https:\/\/api.w.org\/{rel}","templated":true}]}}